{"id":126,"date":"2020-08-16T15:49:20","date_gmt":"2020-08-16T18:49:20","guid":{"rendered":"https:\/\/rrimoveiscaxias.com.br\/web\/?page_id=126"},"modified":"2025-05-13T11:31:37","modified_gmt":"2025-05-13T14:31:37","slug":"contato","status":"publish","type":"page","link":"https:\/\/rrimoveiscaxias.com.br\/web\/contato\/","title":{"rendered":"Contato"},"content":{"rendered":"\t\t<div data-elementor-type=\"wp-page\" data-elementor-id=\"126\" class=\"elementor elementor-126\" data-elementor-post-type=\"page\">\n\t\t\t\t\t\t<section class=\"elementor-section elementor-top-section elementor-element elementor-element-78d6877 elementor-section-boxed elementor-section-height-default elementor-section-height-default\" data-id=\"78d6877\" data-element_type=\"section\" data-e-type=\"section\" data-settings=\"{&quot;background_background&quot;:&quot;classic&quot;}\">\n\t\t\t\t\t\t\t<div class=\"elementor-background-overlay\"><\/div>\n\t\t\t\t\t\t\t<div class=\"elementor-container elementor-column-gap-default\">\n\t\t\t\t\t<div class=\"elementor-column elementor-col-100 elementor-top-column elementor-element elementor-element-78e284d\" data-id=\"78e284d\" data-element_type=\"column\" data-e-type=\"column\">\n\t\t\t<div class=\"elementor-widget-wrap elementor-element-populated\">\n\t\t\t\t\t\t<section class=\"elementor-section elementor-inner-section elementor-element elementor-element-5bfedab elementor-section-boxed elementor-section-height-default elementor-section-height-default\" data-id=\"5bfedab\" data-element_type=\"section\" data-e-type=\"section\">\n\t\t\t\t\t\t<div class=\"elementor-container elementor-column-gap-default\">\n\t\t\t\t\t<div class=\"elementor-column elementor-col-50 elementor-inner-column elementor-element elementor-element-94dd5d6\" data-id=\"94dd5d6\" data-element_type=\"column\" data-e-type=\"column\">\n\t\t\t<div class=\"elementor-widget-wrap elementor-element-populated\">\n\t\t\t\t\t\t<div class=\"elementor-element elementor-element-7412db7 elementor-widget elementor-widget-heading\" data-id=\"7412db7\" data-element_type=\"widget\" data-e-type=\"widget\" data-widget_type=\"heading.default\">\n\t\t\t\t<div class=\"elementor-widget-container\">\n\t\t\t\t\t<h2 class=\"elementor-heading-title elementor-size-default\">Entre em<\/h2>\t\t\t\t<\/div>\n\t\t\t\t<\/div>\n\t\t\t\t<div class=\"elementor-element elementor-element-c05cdc4 elementor-widget elementor-widget-heading\" data-id=\"c05cdc4\" data-element_type=\"widget\" data-e-type=\"widget\" data-widget_type=\"heading.default\">\n\t\t\t\t<div class=\"elementor-widget-container\">\n\t\t\t\t\t<h2 class=\"elementor-heading-title elementor-size-default\">Contato<\/h2>\t\t\t\t<\/div>\n\t\t\t\t<\/div>\n\t\t\t\t\t<\/div>\n\t\t<\/div>\n\t\t\t\t<div class=\"elementor-column elementor-col-50 elementor-inner-column elementor-element elementor-element-7397df8\" data-id=\"7397df8\" data-element_type=\"column\" data-e-type=\"column\">\n\t\t\t<div class=\"elementor-widget-wrap\">\n\t\t\t\t\t\t\t<\/div>\n\t\t<\/div>\n\t\t\t\t\t<\/div>\n\t\t<\/section>\n\t\t\t\t\t<\/div>\n\t\t<\/div>\n\t\t\t\t\t<\/div>\n\t\t<\/section>\n\t\t\t\t<section class=\"elementor-section elementor-top-section elementor-element elementor-element-7a0dee1 elementor-section-boxed elementor-section-height-default elementor-section-height-default\" data-id=\"7a0dee1\" data-element_type=\"section\" data-e-type=\"section\">\n\t\t\t\t\t\t<div class=\"elementor-container elementor-column-gap-default\">\n\t\t\t\t\t<div class=\"elementor-column elementor-col-100 elementor-top-column elementor-element elementor-element-797e781\" data-id=\"797e781\" data-element_type=\"column\" data-e-type=\"column\">\n\t\t\t<div class=\"elementor-widget-wrap elementor-element-populated\">\n\t\t\t\t\t\t<div class=\"elementor-element elementor-element-7eccb3a elementor-widget elementor-widget-heading\" data-id=\"7eccb3a\" data-element_type=\"widget\" data-e-type=\"widget\" data-widget_type=\"heading.default\">\n\t\t\t\t<div class=\"elementor-widget-container\">\n\t\t\t\t\t<h2 class=\"elementor-heading-title elementor-size-default\">Preencha o formul\u00e1rio abaixo<\/h2>\t\t\t\t<\/div>\n\t\t\t\t<\/div>\n\t\t\t\t<div class=\"elementor-element elementor-element-76b7d9c elementor-button-align-stretch elementor-widget elementor-widget-form\" data-id=\"76b7d9c\" data-element_type=\"widget\" data-e-type=\"widget\" data-settings=\"{&quot;step_next_label&quot;:&quot;Pr\\u00f3ximo&quot;,&quot;step_previous_label&quot;:&quot;Anterior&quot;,&quot;button_width&quot;:&quot;100&quot;,&quot;step_type&quot;:&quot;number_text&quot;,&quot;step_icon_shape&quot;:&quot;circle&quot;}\" data-widget_type=\"form.default\">\n\t\t\t\t<div class=\"elementor-widget-container\">\n\t\t\t\t\t\t\t<form class=\"elementor-form\" method=\"post\" name=\"Novo formul\u00e1rio\">\n\t\t\t<input type=\"hidden\" name=\"post_id\" value=\"126\"\/>\n\t\t\t<input type=\"hidden\" name=\"form_id\" value=\"76b7d9c\"\/>\n\t\t\t<input type=\"hidden\" name=\"referer_title\" value=\"RR Im\u00f3veis Caxias\" \/>\n\n\t\t\t\n\t\t\t<div class=\"elementor-form-fields-wrapper elementor-labels-above\">\n\t\t\t\t\t\t\t\t<div class=\"elementor-field-type-text elementor-field-group elementor-column elementor-field-group-nome elementor-col-50 elementor-field-required elementor-mark-required\">\n\t\t\t\t\t\t\t\t\t\t\t\t<label for=\"form-field-nome\" class=\"elementor-field-label\">\n\t\t\t\t\t\t\t\tNome\t\t\t\t\t\t\t<\/label>\n\t\t\t\t\t\t\t\t\t\t\t\t\t\t<input size=\"1\" type=\"text\" name=\"form_fields[nome]\" id=\"form-field-nome\" class=\"elementor-field elementor-size-md  elementor-field-textual\" placeholder=\"Nome\" required=\"required\" aria-required=\"true\">\n\t\t\t\t\t\t\t\t\t\t\t<\/div>\n\t\t\t\t\t\t\t\t<div class=\"elementor-field-type-email elementor-field-group elementor-column elementor-field-group-email elementor-col-50 elementor-field-required elementor-mark-required\">\n\t\t\t\t\t\t\t\t\t\t\t\t<label for=\"form-field-email\" class=\"elementor-field-label\">\n\t\t\t\t\t\t\t\tE-mail\t\t\t\t\t\t\t<\/label>\n\t\t\t\t\t\t\t\t\t\t\t\t\t\t<input size=\"1\" type=\"email\" name=\"form_fields[email]\" id=\"form-field-email\" class=\"elementor-field elementor-size-md  elementor-field-textual\" placeholder=\"E-mail\" required=\"required\" aria-required=\"true\">\n\t\t\t\t\t\t\t\t\t\t\t<\/div>\n\t\t\t\t\t\t\t\t<div class=\"elementor-field-type-tel elementor-field-group elementor-column elementor-field-group-telefone elementor-col-50\">\n\t\t\t\t\t\t\t\t\t\t\t\t<label for=\"form-field-telefone\" class=\"elementor-field-label\">\n\t\t\t\t\t\t\t\tTelefone\t\t\t\t\t\t\t<\/label>\n\t\t\t\t\t\t\t\t<input size=\"1\" type=\"tel\" name=\"form_fields[telefone]\" id=\"form-field-telefone\" class=\"elementor-field elementor-size-md  elementor-field-textual\" placeholder=\"Telefone\" pattern=\"[0-9()#&amp;+*-=.]+\" title=\"Apenas n\u00fameros e caracteres de telefone (#, -, *, etc.) s\u00e3o aceitos.\">\n\n\t\t\t\t\t\t<\/div>\n\t\t\t\t\t\t\t\t<div class=\"elementor-field-type-text elementor-field-group elementor-column elementor-field-group-field_79d16fc elementor-col-50\">\n\t\t\t\t\t\t\t\t\t\t\t\t<label for=\"form-field-field_79d16fc\" class=\"elementor-field-label\">\n\t\t\t\t\t\t\t\tWhatsapp\t\t\t\t\t\t\t<\/label>\n\t\t\t\t\t\t\t\t\t\t\t\t\t\t<input size=\"1\" type=\"text\" name=\"form_fields[field_79d16fc]\" id=\"form-field-field_79d16fc\" class=\"elementor-field elementor-size-md  elementor-field-textual\" placeholder=\"Whatsapp\">\n\t\t\t\t\t\t\t\t\t\t\t<\/div>\n\t\t\t\t\t\t\t\t<div class=\"elementor-field-type-textarea elementor-field-group elementor-column elementor-field-group-msg elementor-col-100 elementor-field-required elementor-mark-required\">\n\t\t\t\t\t\t\t\t\t\t\t\t<label for=\"form-field-msg\" class=\"elementor-field-label\">\n\t\t\t\t\t\t\t\tMensagem\t\t\t\t\t\t\t<\/label>\n\t\t\t\t\t\t<textarea class=\"elementor-field-textual elementor-field  elementor-size-md\" name=\"form_fields[msg]\" id=\"form-field-msg\" rows=\"4\" placeholder=\"Mensagem\" required=\"required\" aria-required=\"true\"><\/textarea>\t\t\t\t<\/div>\n\t\t\t\t\t\t\t\t<div class=\"elementor-field-group elementor-column elementor-field-type-submit elementor-col-100 e-form__buttons\">\n\t\t\t\t\t<button type=\"submit\" class=\"elementor-button elementor-size-sm\">\n\t\t\t\t\t\t<span >\n\t\t\t\t\t\t\t\t\t\t\t\t\t\t\t<span class=\" elementor-button-icon\">\n\t\t\t\t\t\t\t\t\t\t\t\t\t\t\t\t\t\t\t\t\t\t\t\t\t\t<\/span>\n\t\t\t\t\t\t\t\t\t\t\t\t\t\t\t\t\t\t\t\t\t\t<span class=\"elementor-button-text\">Enviar<\/span>\n\t\t\t\t\t\t\t\t\t\t\t\t\t<\/span>\n\t\t\t\t\t<\/button>\n\t\t\t\t<\/div>\n\t\t\t<\/div>\n\t\t<\/form>\n\t\t\t\t\t\t<\/div>\n\t\t\t\t<\/div>\n\t\t\t\t\t<\/div>\n\t\t<\/div>\n\t\t\t\t\t<\/div>\n\t\t<\/section>\n\t\t\t\t<section class=\"elementor-section elementor-top-section elementor-element elementor-element-84e8aa9 elementor-section-full_width elementor-section-height-default elementor-section-height-default\" data-id=\"84e8aa9\" data-element_type=\"section\" data-e-type=\"section\">\n\t\t\t\t\t\t<div class=\"elementor-container elementor-column-gap-no\">\n\t\t\t\t\t<div class=\"elementor-column elementor-col-100 elementor-top-column elementor-element elementor-element-0d3f0f6\" data-id=\"0d3f0f6\" data-element_type=\"column\" data-e-type=\"column\">\n\t\t\t<div class=\"elementor-widget-wrap elementor-element-populated\">\n\t\t\t\t\t\t<div class=\"elementor-element elementor-element-f35a533 elementor-widget elementor-widget-google_maps\" data-id=\"f35a533\" data-element_type=\"widget\" data-e-type=\"widget\" data-widget_type=\"google_maps.default\">\n\t\t\t\t<div class=\"elementor-widget-container\">\n\t\t\t\t\t\t\t<div class=\"elementor-custom-embed\">\n\t\t\t<iframe loading=\"lazy\"\n\t\t\t\t\tsrc=\"https:\/\/maps.google.com\/maps?q=Cruzeiro%20-%20Caxias%20do%20Sul%20%2F%20RS&#038;t=m&#038;z=10&#038;output=embed&#038;iwloc=near\"\n\t\t\t\t\ttitle=\"Cruzeiro - Caxias do Sul \/ RS\"\n\t\t\t\t\taria-label=\"Cruzeiro - Caxias do Sul \/ RS\"\n\t\t\t><\/iframe>\n\t\t<\/div>\n\t\t\t\t\t\t<\/div>\n\t\t\t\t<\/div>\n\t\t\t\t\t<\/div>\n\t\t<\/div>\n\t\t\t\t\t<\/div>\n\t\t<\/section>\n\t\t\t\t<\/div>\n\t\t","protected":false},"excerpt":{"rendered":"<p>Entre em Contato Preencha o formul\u00e1rio abaixo<\/p>\n","protected":false},"author":14,"featured_media":0,"parent":0,"menu_order":4,"comment_status":"closed","ping_status":"closed","template":"elementor_header_footer","meta":{"_joinchat":[],"footnotes":""},"class_list":["post-126","page","type-page","status-publish","hentry"],"yoast_head":"<!-- This site is optimized with the Yoast SEO plugin v24.0 - https:\/\/yoast.com\/wordpress\/plugins\/seo\/ -->\n<title>Contato - RR Im\u00f3veis Caxias<\/title>\n<meta name=\"robots\" content=\"index, follow, max-snippet:-1, max-image-preview:large, max-video-preview:-1\" \/>\n<link rel=\"canonical\" href=\"https:\/\/rrimoveiscaxias.com.br\/web\/contato\/\" \/>\n<meta property=\"og:locale\" content=\"pt_BR\" \/>\n<meta property=\"og:type\" content=\"article\" \/>\n<meta property=\"og:title\" content=\"Contato - RR Im\u00f3veis Caxias\" \/>\n<meta property=\"og:description\" content=\"Entre em Contato Preencha o formul\u00e1rio abaixo\" \/>\n<meta property=\"og:url\" content=\"https:\/\/rrimoveiscaxias.com.br\/web\/contato\/\" \/>\n<meta property=\"og:site_name\" content=\"RR Im\u00f3veis Caxias\" \/>\n<meta property=\"article:publisher\" content=\"https:\/\/www.facebook.com\/rrimoveiscaxias\" \/>\n<meta property=\"article:modified_time\" content=\"2025-05-13T14:31:37+00:00\" \/>\n<meta name=\"twitter:card\" content=\"summary_large_image\" \/>\n<meta name=\"twitter:label1\" content=\"Est. tempo de leitura\" \/>\n\t<meta name=\"twitter:data1\" content=\"1 minuto\" \/>\n<script type=\"application\/ld+json\" class=\"yoast-schema-graph\">{\"@context\":\"https:\/\/schema.org\",\"@graph\":[{\"@type\":\"WebPage\",\"@id\":\"https:\/\/rrimoveiscaxias.com.br\/web\/contato\/\",\"url\":\"https:\/\/rrimoveiscaxias.com.br\/web\/contato\/\",\"name\":\"Contato - RR Im\u00f3veis Caxias\",\"isPartOf\":{\"@id\":\"https:\/\/rrimoveiscaxias.com.br\/web\/#website\"},\"datePublished\":\"2020-08-16T18:49:20+00:00\",\"dateModified\":\"2025-05-13T14:31:37+00:00\",\"breadcrumb\":{\"@id\":\"https:\/\/rrimoveiscaxias.com.br\/web\/contato\/#breadcrumb\"},\"inLanguage\":\"pt-BR\",\"potentialAction\":[{\"@type\":\"ReadAction\",\"target\":[\"https:\/\/rrimoveiscaxias.com.br\/web\/contato\/\"]}]},{\"@type\":\"BreadcrumbList\",\"@id\":\"https:\/\/rrimoveiscaxias.com.br\/web\/contato\/#breadcrumb\",\"itemListElement\":[{\"@type\":\"ListItem\",\"position\":1,\"name\":\"In\u00edcio\",\"item\":\"https:\/\/rrimoveiscaxias.com.br\/web\/\"},{\"@type\":\"ListItem\",\"position\":2,\"name\":\"Contato\"}]},{\"@type\":\"WebSite\",\"@id\":\"https:\/\/rrimoveiscaxias.com.br\/web\/#website\",\"url\":\"https:\/\/rrimoveiscaxias.com.br\/web\/\",\"name\":\"RR Im\u00f3veis Caxias\",\"description\":\"Seguran\u00e7a e Transpar\u00eancia\",\"publisher\":{\"@id\":\"https:\/\/rrimoveiscaxias.com.br\/web\/#organization\"},\"potentialAction\":[{\"@type\":\"SearchAction\",\"target\":{\"@type\":\"EntryPoint\",\"urlTemplate\":\"https:\/\/rrimoveiscaxias.com.br\/web\/?s={search_term_string}\"},\"query-input\":{\"@type\":\"PropertyValueSpecification\",\"valueRequired\":true,\"valueName\":\"search_term_string\"}}],\"inLanguage\":\"pt-BR\"},{\"@type\":\"Organization\",\"@id\":\"https:\/\/rrimoveiscaxias.com.br\/web\/#organization\",\"name\":\"RR Im\u00f3veis Caxias\",\"url\":\"https:\/\/rrimoveiscaxias.com.br\/web\/\",\"logo\":{\"@type\":\"ImageObject\",\"inLanguage\":\"pt-BR\",\"@id\":\"https:\/\/rrimoveiscaxias.com.br\/web\/#\/schema\/logo\/image\/\",\"url\":\"https:\/\/rrimoveiscaxias.com.br\/web\/wp-content\/uploads\/2024\/12\/7e66ab58-268d-4d2a-a03f-2cdd386e82e8-removebg-preview.png\",\"contentUrl\":\"https:\/\/rrimoveiscaxias.com.br\/web\/wp-content\/uploads\/2024\/12\/7e66ab58-268d-4d2a-a03f-2cdd386e82e8-removebg-preview.png\",\"width\":499,\"height\":500,\"caption\":\"RR Im\u00f3veis Caxias\"},\"image\":{\"@id\":\"https:\/\/rrimoveiscaxias.com.br\/web\/#\/schema\/logo\/image\/\"},\"sameAs\":[\"https:\/\/www.facebook.com\/rrimoveiscaxias\",\"https:\/\/www.instagram.com\/rrimoveiscaxias\/\"]}]}<\/script>\n<!-- \/ Yoast SEO plugin. -->","yoast_head_json":{"title":"Contato - RR Im\u00f3veis Caxias","robots":{"index":"index","follow":"follow","max-snippet":"max-snippet:-1","max-image-preview":"max-image-preview:large","max-video-preview":"max-video-preview:-1"},"canonical":"https:\/\/rrimoveiscaxias.com.br\/web\/contato\/","og_locale":"pt_BR","og_type":"article","og_title":"Contato - RR Im\u00f3veis Caxias","og_description":"Entre em Contato Preencha o formul\u00e1rio abaixo","og_url":"https:\/\/rrimoveiscaxias.com.br\/web\/contato\/","og_site_name":"RR Im\u00f3veis Caxias","article_publisher":"https:\/\/www.facebook.com\/rrimoveiscaxias","article_modified_time":"2025-05-13T14:31:37+00:00","twitter_card":"summary_large_image","twitter_misc":{"Est. tempo de leitura":"1 minuto"},"schema":{"@context":"https:\/\/schema.org","@graph":[{"@type":"WebPage","@id":"https:\/\/rrimoveiscaxias.com.br\/web\/contato\/","url":"https:\/\/rrimoveiscaxias.com.br\/web\/contato\/","name":"Contato - RR Im\u00f3veis Caxias","isPartOf":{"@id":"https:\/\/rrimoveiscaxias.com.br\/web\/#website"},"datePublished":"2020-08-16T18:49:20+00:00","dateModified":"2025-05-13T14:31:37+00:00","breadcrumb":{"@id":"https:\/\/rrimoveiscaxias.com.br\/web\/contato\/#breadcrumb"},"inLanguage":"pt-BR","potentialAction":[{"@type":"ReadAction","target":["https:\/\/rrimoveiscaxias.com.br\/web\/contato\/"]}]},{"@type":"BreadcrumbList","@id":"https:\/\/rrimoveiscaxias.com.br\/web\/contato\/#breadcrumb","itemListElement":[{"@type":"ListItem","position":1,"name":"In\u00edcio","item":"https:\/\/rrimoveiscaxias.com.br\/web\/"},{"@type":"ListItem","position":2,"name":"Contato"}]},{"@type":"WebSite","@id":"https:\/\/rrimoveiscaxias.com.br\/web\/#website","url":"https:\/\/rrimoveiscaxias.com.br\/web\/","name":"RR Im\u00f3veis Caxias","description":"Seguran\u00e7a e Transpar\u00eancia","publisher":{"@id":"https:\/\/rrimoveiscaxias.com.br\/web\/#organization"},"potentialAction":[{"@type":"SearchAction","target":{"@type":"EntryPoint","urlTemplate":"https:\/\/rrimoveiscaxias.com.br\/web\/?s={search_term_string}"},"query-input":{"@type":"PropertyValueSpecification","valueRequired":true,"valueName":"search_term_string"}}],"inLanguage":"pt-BR"},{"@type":"Organization","@id":"https:\/\/rrimoveiscaxias.com.br\/web\/#organization","name":"RR Im\u00f3veis Caxias","url":"https:\/\/rrimoveiscaxias.com.br\/web\/","logo":{"@type":"ImageObject","inLanguage":"pt-BR","@id":"https:\/\/rrimoveiscaxias.com.br\/web\/#\/schema\/logo\/image\/","url":"https:\/\/rrimoveiscaxias.com.br\/web\/wp-content\/uploads\/2024\/12\/7e66ab58-268d-4d2a-a03f-2cdd386e82e8-removebg-preview.png","contentUrl":"https:\/\/rrimoveiscaxias.com.br\/web\/wp-content\/uploads\/2024\/12\/7e66ab58-268d-4d2a-a03f-2cdd386e82e8-removebg-preview.png","width":499,"height":500,"caption":"RR Im\u00f3veis Caxias"},"image":{"@id":"https:\/\/rrimoveiscaxias.com.br\/web\/#\/schema\/logo\/image\/"},"sameAs":["https:\/\/www.facebook.com\/rrimoveiscaxias","https:\/\/www.instagram.com\/rrimoveiscaxias\/"]}]}},"_links":{"self":[{"href":"https:\/\/rrimoveiscaxias.com.br\/web\/wp-json\/wp\/v2\/pages\/126","targetHints":{"allow":["GET"]}}],"collection":[{"href":"https:\/\/rrimoveiscaxias.com.br\/web\/wp-json\/wp\/v2\/pages"}],"about":[{"href":"https:\/\/rrimoveiscaxias.com.br\/web\/wp-json\/wp\/v2\/types\/page"}],"author":[{"embeddable":true,"href":"https:\/\/rrimoveiscaxias.com.br\/web\/wp-json\/wp\/v2\/users\/14"}],"replies":[{"embeddable":true,"href":"https:\/\/rrimoveiscaxias.com.br\/web\/wp-json\/wp\/v2\/comments?post=126"}],"version-history":[{"count":3,"href":"https:\/\/rrimoveiscaxias.com.br\/web\/wp-json\/wp\/v2\/pages\/126\/revisions"}],"predecessor-version":[{"id":3127,"href":"https:\/\/rrimoveiscaxias.com.br\/web\/wp-json\/wp\/v2\/pages\/126\/revisions\/3127"}],"wp:attachment":[{"href":"https:\/\/rrimoveiscaxias.com.br\/web\/wp-json\/wp\/v2\/media?parent=126"}],"curies":[{"name":"wp","href":"https:\/\/api.w.org\/{rel}","templated":true}]}}